{"id":68,"date":"2018-12-03T12:06:54","date_gmt":"2018-12-03T11:06:54","guid":{"rendered":"http:\/\/10.0.4.6\/?page_id=68"},"modified":"2021-10-07T20:03:00","modified_gmt":"2021-10-07T18:03:00","slug":"treningi-sezon-jesien-zima","status":"publish","type":"page","link":"https:\/\/krotka.eu\/?page_id=68","title":{"rendered":"Treningi"},"content":{"rendered":"<p><em>Treningi odbywaj\u0105 si\u0119 w Hali Centrum Sportu w Mysiadle oraz Hali Szko\u0142y Podstawowej w Nowej Iwicznej wg harmonogramu:<\/em><\/p>\n<h3>Seniorki\/Juniorki\/Kadetki<\/h3>\n<p>Trener <strong>Michalina Tokarska\u00a0\u00a0\u00a0 (<\/strong><em>Hala Centrum Sportu w Mysiadle<\/em>)<\/p>\n<ul>\n<li>Poniedzia\u0142ek &#8211; 19:30-21:30<\/li>\n<li>Czwartek &#8211; 19:00-21:00<\/li>\n<li>Pi\u0105tek &#8211; 19:30-21:30<\/li>\n<\/ul>\n<h3>M\u0142odziczki<strong><br \/><\/strong><\/h3>\n<p>Trener <strong>Bogumi\u0142a Kott <\/strong>\u00a0\u00a0 (<em>Hala Centrum Sportu w Mysiadle<\/em>)<strong><br \/><\/strong><\/p>\n<ul>\n<li>Poniedzia\u0142ek &#8211; 19:30-21:30<\/li>\n<li>Wtorek &#8211; 18:45-20:30<\/li>\n<li>\u015aroda &#8211; 19:30-21:30<\/li>\n<li>Pi\u0105tek &#8211; 17:30-19:30<\/li>\n<\/ul>\n<h3>Czw\u00f3rki<strong><br \/><\/strong><\/h3>\n<p>Trener <strong>Bogumi\u0142a Kott\u00a0\u00a0\u00a0 <\/strong>(<em>Hala Centrum Sportu w Mysiadle<\/em>)<strong><br \/><\/strong><\/p>\n<ul>\n<li>Wtorek &#8211; 17:00-18:45<\/li>\n<li>\u015aroda &#8211; 17:30-19:30<\/li>\n<li>Czwartek &#8211; 17:30-19:00<\/li>\n<\/ul>\n<h3>Mini siatk\u00f3wka<\/h3>\n<p><span class=\"tojvnm2t a6sixzi8 abs2jz4q a8s20v7p t1p8iaqh k5wvi7nf q3lfd5jv pk4s997a bipmatt0 cebpdrjk qowsmv63 owwhemhu dp1hu0rb dhp61c6y iyyx5f41\">Trener <strong>Natalia Rybak <\/strong>i <strong>Rafa\u0142 Diadik<\/strong><br \/><\/span><\/p>\n<ul>\n<li>Poniedzia\u0142ek &#8211; 17:30-19:00 <em>(Hala Szko\u0142y Podstawowej w Nowej Iwicznej)<\/em><\/li>\n<li>Czwartek &#8211; 17:30-19:00 <em>(Hala Centrum Sportu w Mysiadle)<\/em><\/li>\n<li>Pi\u0105tek &#8211; 17:30-19:00 <em>(Hala Szko\u0142y Podstawowej w Nowej Iwicznej)<\/em><\/li>\n<\/ul>\n\n\n<p><\/p>\n","protected":false},"excerpt":{"rendered":"<p>Treningi odbywaj\u0105 si\u0119 w Hali Centrum Sportu w Mysiadle oraz Hali Szko\u0142y Podstawowej w Nowej Iwicznej wg harmonogramu: Seniorki\/Juniorki\/Kadetki Trener Michalina Tokarska\u00a0\u00a0\u00a0 (Hala Centrum Sportu w Mysiadle) Poniedzia\u0142ek &#8211; 19:30-21:30 Czwartek &#8211; 19:00-21:00 Pi\u0105tek &#8211; 19:30-21:30 M\u0142odziczki Trener Bogumi\u0142a Kott \u00a0\u00a0 (Hala Centrum Sportu w Mysiadle) Poniedzia\u0142ek &#8211; 19:30-21:30 Wtorek &#8211; 18:45-20:30 \u015aroda &#8211; 19:30-21:30 Pi\u0105tek &#8211; 17:30-19:30 Czw\u00f3rki Trener Bogumi\u0142a Kott\u00a0\u00a0\u00a0 (Hala Centrum Sportu w Mysiadle) Wtorek &#8211; 17:00-18:45 \u015aroda &#8211; 17:30-19:30 Czwartek &#8211; 17:30-19:00 Mini siatk\u00f3wka Trener Natalia Rybak i Rafa\u0142 Diadik Poniedzia\u0142ek &#8211; 17:30-19:00 (Hala Szko\u0142y Podstawowej w Nowej Iwicznej) Czwartek &#8211; 17:30-19:00 (Hala Centrum Sportu w Mysiadle) Pi\u0105tek &#8211; 17:30-19:00 (Hala Szko\u0142y Podstawowej w Nowej Iwicznej)<\/p>\n","protected":false},"author":1,"featured_media":0,"parent":0,"menu_order":0,"comment_status":"closed","ping_status":"closed","template":"","meta":[],"_links":{"self":[{"href":"https:\/\/krotka.eu\/index.php?rest_route=\/wp\/v2\/pages\/68"}],"collection":[{"href":"https:\/\/krotka.eu\/index.php?rest_route=\/wp\/v2\/pages"}],"about":[{"href":"https:\/\/krotka.eu\/index.php?rest_route=\/wp\/v2\/types\/page"}],"author":[{"embeddable":true,"href":"https:\/\/krotka.eu\/index.php?rest_route=\/wp\/v2\/users\/1"}],"replies":[{"embeddable":true,"href":"https:\/\/krotka.eu\/index.php?rest_route=%2Fwp%2Fv2%2Fcomments&post=68"}],"version-history":[{"count":10,"href":"https:\/\/krotka.eu\/index.php?rest_route=\/wp\/v2\/pages\/68\/revisions"}],"predecessor-version":[{"id":3606,"href":"https:\/\/krotka.eu\/index.php?rest_route=\/wp\/v2\/pages\/68\/revisions\/3606"}],"wp:attachment":[{"href":"https:\/\/krotka.eu\/index.php?rest_route=%2Fwp%2Fv2%2Fmedia&parent=68"}],"curies":[{"name":"wp","href":"https:\/\/api.w.org\/{rel}","templated":true}]}}