{"id":21,"date":"2018-12-03T11:35:24","date_gmt":"2018-12-03T10:35:24","guid":{"rendered":"http:\/\/10.0.4.6\/?page_id=21"},"modified":"2019-03-30T18:36:20","modified_gmt":"2019-03-30T17:36:20","slug":"o-nas","status":"publish","type":"page","link":"https:\/\/krotka.eu\/?page_id=21","title":{"rendered":"O nas"},"content":{"rendered":"<div>Uczniowski klub sportowy MUKS Kr\u00f3tka od 2009 r. zajmuje si\u0119 prowadzeniem zaj\u0119\u0107 sportowych w dyscyplinie pi\u0142ka siatkowa dla dzieci i m\u0142odzie\u017cy z okolic Piaseczna i po\u0142udniowej Warszawy. Nadrz\u0119dnym celem klubu jest wychowanie dzieci poprzez sport zapewniaj\u0105c w\u0142a\u015bciwy rozw\u00f3j psychofizyczny m\u0142odego cz\u0142owieka. Promuj\u0105c sportowy styl \u017cycia wprowadzamy dzieci w wyj\u0105tkowy \u015bwiat pi\u0142ki siatkowej jednocze\u015bni<span class=\"text_exposed_show\">e ucz\u0105c rywalizacji sportowej w duchu fairplay.&nbsp;<\/span><\/div>\n<div>&nbsp;<\/div>\n<div>\n<div>Obecnie prowadzone s\u0105 zaj\u0119cia dla dzieci i m\u0142odzie\u017cy w wieku od 8 lat w sekcjach dziewcz\u0105t i ch\u0142opc\u00f3w. Od wielu lat klub posiada te\u017c dru\u017cyn\u0119 seniorsk\u0105 pa\u0144 obecnie graj\u0105c\u0105 w II lidze PZPS. Dru\u017cyny bior\u0105 udzia\u0142 w rozgrywkach wojew\u00f3dzkich MWZPS oraz turniejach towarzyskich krajowych i mi\u0119dzynarodowych. W miesi\u0105cach letnich zawodniczki i zawodnicy bior\u0105 udzia\u0142 w zawodach siatk\u00f3wki pla\u017cowej i zgrupowaniach letnich.<\/div>\n<div>&nbsp;<\/div>\n<div>Ci\u0119\u017cka, spo\u0142eczna praca naszej kadry i zarz\u0105du owocuje wieloma sukcesami w rozgrywkach amatorskich i turniejach organizowanych przez MWZPS. Ka\u017cdy kolejny medal to wielka rado\u015b\u0107 dla naszych podopiecznych oraz pracownik\u00f3w. Klub jest najprawdopodobniej najbardziej utytu\u0142owanym siatkarskim klubem uczniowskim w powiecie piaseczy\u0144skim.<\/div>\n<div>&nbsp;<\/div>\n<\/div>\n\n\n<h2>Sk\u0142ad Zarz\u0105du Klubu MUKS Kr\u00f3tka&nbsp;<\/h2>\n\n\n\n<ul><li><strong>Prezes<\/strong> &#8211;&nbsp;<em>Agnieszka Sola-Manowska<\/em><\/li><li><strong>Wiceprezes<\/strong> &#8211;&nbsp;<em>Bogumi\u0142a Kott<\/em><\/li><li><strong>Wiceprezes<\/strong> &#8211;&nbsp;<em>Martyna Krupa<\/em><\/li><li><strong>Wiceprezes<\/strong> &#8211;&nbsp;<em>Anna Turczy\u0144ska-Str\u0119k<\/em><\/li><li><strong>Sekretarz<\/strong> &#8211;&nbsp;<em>Michalina Tokarska<\/em><\/li><\/ul>\n\n\n\n<h2>Statut Klubu i Regulamin<\/h2>\n\n\n\n<div class=\"wp-block-file\"><a href=\"http:\/\/krotka.eu\/wp-content\/uploads\/2019\/03\/statut.pdf\">Statut Klubu<\/a><a href=\"http:\/\/krotka.eu\/wp-content\/uploads\/2019\/03\/statut.pdf\" class=\"wp-block-file__button\" download>Pobierz<\/a><\/div>\n\n\n\n<div class=\"wp-block-file\"><a href=\"http:\/\/krotka.eu\/wp-content\/uploads\/2019\/03\/regulamin.pdf\">Regulamin Klubu<\/a><a href=\"http:\/\/krotka.eu\/wp-content\/uploads\/2019\/03\/regulamin.pdf\" class=\"wp-block-file__button\" download>Pobierz<\/a><\/div>\n\n\n\n<h2>Dane rejestrowe<\/h2>\n\n\n\n<ul><li><strong>Adres:<\/strong> ul. Kwiatowa 28, 05-515 Mysiad\u0142o<\/li><li><strong>NIP:<\/strong>\u00a0123-11-88-547<\/li><li><strong>REGON:<\/strong>\u00a0141922990<\/li><li><strong>Konto:\u00a0<\/strong>MULTIBANK nr 54 1140 2017 0000 4702 1039 0849<\/li><li><strong>Kontakt:<\/strong>\u00a0tel. 508 276 382 &#8211;\u00a0<em>Agnieszka Sola-Manowska<\/em><\/li><li><strong>Email:<\/strong>\u00a0muks@krotka.eu<\/li><li><strong>Korespondencja:<\/strong> ul. Niezapominajki 18, 05-515 Nowa Iwiczna<\/li><\/ul>\n","protected":false},"excerpt":{"rendered":"<p>Uczniowski klub sportowy MUKS Kr\u00f3tka od 2009 r. zajmuje si\u0119 prowadzeniem zaj\u0119\u0107 sportowych w dyscyplinie pi\u0142ka siatkowa dla dzieci i m\u0142odzie\u017cy z okolic Piaseczna i po\u0142udniowej Warszawy. Nadrz\u0119dnym celem klubu jest wychowanie dzieci poprzez sport zapewniaj\u0105c w\u0142a\u015bciwy rozw\u00f3j psychofizyczny m\u0142odego cz\u0142owieka. Promuj\u0105c sportowy styl \u017cycia wprowadzamy dzieci w wyj\u0105tkowy \u015bwiat pi\u0142ki siatkowej jednocze\u015bnie ucz\u0105c rywalizacji sportowej w duchu fairplay.&nbsp; &nbsp; Obecnie prowadzone s\u0105 zaj\u0119cia dla dzieci i m\u0142odzie\u017cy w wieku od 8 lat w sekcjach dziewcz\u0105t i ch\u0142opc\u00f3w. Od wielu lat klub posiada te\u017c dru\u017cyn\u0119 seniorsk\u0105 pa\u0144 obecnie graj\u0105c\u0105 w II lidze PZPS. Dru\u017cyny bior\u0105 udzia\u0142 w rozgrywkach wojew\u00f3dzkich MWZPS oraz turniejach towarzyskich krajowych i mi\u0119dzynarodowych. W miesi\u0105cach letnich zawodniczki i zawodnicy bior\u0105 udzia\u0142 w zawodach siatk\u00f3wki pla\u017cowej i zgrupowaniach letnich. &nbsp; Ci\u0119\u017cka, spo\u0142eczna praca naszej kadry i zarz\u0105du owocuje wieloma sukcesami w rozgrywkach amatorskich i turniejach organizowanych przez MWZPS. Ka\u017cdy kolejny medal to wielka rado\u015b\u0107 dla naszych podopiecznych oraz pracownik\u00f3w. Klub jest najprawdopodobniej najbardziej utytu\u0142owanym siatkarskim klubem uczniowskim w powiecie piaseczy\u0144skim. &nbsp; Sk\u0142ad Zarz\u0105du Klubu MUKS Kr\u00f3tka&nbsp; Prezes &#8211;&nbsp;Agnieszka Sola-Manowska Wiceprezes &#8211;&nbsp;Bogumi\u0142a Kott Wiceprezes &#8211;&nbsp;Martyna Krupa Wiceprezes &#8211;&nbsp;Anna Turczy\u0144ska-Str\u0119k Sekretarz &#8211;&nbsp;Michalina Tokarska Statut Klubu i Regulamin Dane rejestrowe Adres: ul. Kwiatowa 28, 05-515 Mysiad\u0142o NIP:\u00a0123-11-88-547 REGON:\u00a0141922990 Konto:\u00a0MULTIBANK nr 54 1140 2017 0000 4702 1039 0849 Kontakt:\u00a0tel. 508 276 382 &#8211;\u00a0Agnieszka Sola-Manowska Email:\u00a0muks@krotka.eu Korespondencja: ul. Niezapominajki 18, 05-515 Nowa Iwiczna<\/p>\n","protected":false},"author":1,"featured_media":0,"parent":0,"menu_order":0,"comment_status":"closed","ping_status":"closed","template":"","meta":[],"_links":{"self":[{"href":"https:\/\/krotka.eu\/index.php?rest_route=\/wp\/v2\/pages\/21"}],"collection":[{"href":"https:\/\/krotka.eu\/index.php?rest_route=\/wp\/v2\/pages"}],"about":[{"href":"https:\/\/krotka.eu\/index.php?rest_route=\/wp\/v2\/types\/page"}],"author":[{"embeddable":true,"href":"https:\/\/krotka.eu\/index.php?rest_route=\/wp\/v2\/users\/1"}],"replies":[{"embeddable":true,"href":"https:\/\/krotka.eu\/index.php?rest_route=%2Fwp%2Fv2%2Fcomments&post=21"}],"version-history":[{"count":23,"href":"https:\/\/krotka.eu\/index.php?rest_route=\/wp\/v2\/pages\/21\/revisions"}],"predecessor-version":[{"id":1531,"href":"https:\/\/krotka.eu\/index.php?rest_route=\/wp\/v2\/pages\/21\/revisions\/1531"}],"wp:attachment":[{"href":"https:\/\/krotka.eu\/index.php?rest_route=%2Fwp%2Fv2%2Fmedia&parent=21"}],"curies":[{"name":"wp","href":"https:\/\/api.w.org\/{rel}","templated":true}]}}